{"id":10333,"date":"2022-03-08T10:57:46","date_gmt":"2022-03-08T09:57:46","guid":{"rendered":"https:\/\/www.bxltour.be\/resultats\/"},"modified":"2026-03-11T09:20:34","modified_gmt":"2026-03-11T08:20:34","slug":"resultats","status":"publish","type":"page","link":"https:\/\/www.bxltour.be\/en\/resultats","title":{"rendered":"Results"},"content":{"rendered":"\t\t<div data-elementor-type=\"wp-post\" data-elementor-id=\"10333\" class=\"elementor elementor-10333 elementor-9795\" data-elementor-post-type=\"page\">\n\t\t\t\t<div class=\"elementor-element elementor-element-91f15d3 e-flex e-con-boxed e-con e-parent\" data-id=\"91f15d3\" data-element_type=\"container\" data-e-type=\"container\">\n\t\t\t\t\t<div class=\"e-con-inner\">\n\t\t\t\t<div class=\"elementor-element elementor-element-ab891de elementor-widget elementor-widget-heading\" data-id=\"ab891de\" data-element_type=\"widget\" data-e-type=\"widget\" data-widget_type=\"heading.default\">\n\t\t\t\t<div class=\"elementor-widget-container\">\n\t\t\t\t\t<h1 class=\"elementor-heading-title elementor-size-default\">Results.<\/h1>\t\t\t\t<\/div>\n\t\t\t\t<\/div>\n\t\t\t\t\t<\/div>\n\t\t\t\t<\/div>\n\t\t<div class=\"elementor-element elementor-element-b89cc06 e-con-full e-flex e-con e-parent\" data-id=\"b89cc06\" data-element_type=\"container\" data-e-type=\"container\">\n\t\t<a class=\"elementor-element elementor-element-0b87ff1 caseresultat e-con-full e-flex e-con e-child\" data-id=\"0b87ff1\" data-element_type=\"container\" data-e-type=\"container\" data-settings=\"{&quot;background_background&quot;:&quot;classic&quot;}\" href=\"https:\/\/www.acn-timing.com\/?lng=EN#\/events\/2157658425630240\/ctx\/20250622_bxl\/cms\/CAP\" target=\"_blank\" rel=\"nofollow noopener\">\n\t\t\t\t<div class=\"elementor-element elementor-element-477e73d elementor-widget elementor-widget-heading\" data-id=\"477e73d\" data-element_type=\"widget\" data-e-type=\"widget\" data-widget_type=\"heading.default\">\n\t\t\t\t<div class=\"elementor-widget-container\">\n\t\t\t\t\t<div class=\"elementor-heading-title elementor-size-default\">Results 2025<\/div>\t\t\t\t<\/div>\n\t\t\t\t<\/div>\n\t\t\t\t<\/a>\n\t\t<a class=\"elementor-element elementor-element-db7cdcf caseresultat e-con-full e-flex e-con e-child\" data-id=\"db7cdcf\" data-element_type=\"container\" data-e-type=\"container\" data-settings=\"{&quot;background_background&quot;:&quot;classic&quot;}\" href=\"https:\/\/www.acn-timing.com\/?lng=EN#\/events\/2159397887329232\/ctx\/20240616_bxl\/cms\/CAP\" target=\"_blank\" rel=\"nofollow noopener\">\n\t\t\t\t<div class=\"elementor-element elementor-element-93ab17b elementor-widget elementor-widget-heading\" data-id=\"93ab17b\" data-element_type=\"widget\" data-e-type=\"widget\" data-widget_type=\"heading.default\">\n\t\t\t\t<div class=\"elementor-widget-container\">\n\t\t\t\t\t<div class=\"elementor-heading-title elementor-size-default\">Results 2024<\/div>\t\t\t\t<\/div>\n\t\t\t\t<\/div>\n\t\t\t\t<\/a>\n\t\t<a class=\"elementor-element elementor-element-c0d4db2 caseresultat e-con-full e-flex e-con e-child\" data-id=\"c0d4db2\" data-element_type=\"container\" data-e-type=\"container\" data-settings=\"{&quot;background_background&quot;:&quot;classic&quot;}\" href=\"https:\/\/www.acn-timing.com\/?lng=EN#\/events\/2156464424680922\/ctx\/20230618_bxl\/cms\/CAP\" target=\"_blank\" rel=\"nofollow noopener\">\n\t\t\t\t<div class=\"elementor-element elementor-element-0ed5625 elementor-widget elementor-widget-heading\" data-id=\"0ed5625\" data-element_type=\"widget\" data-e-type=\"widget\" data-widget_type=\"heading.default\">\n\t\t\t\t<div class=\"elementor-widget-container\">\n\t\t\t\t\t<div class=\"elementor-heading-title elementor-size-default\">Results 2023<\/div>\t\t\t\t<\/div>\n\t\t\t\t<\/div>\n\t\t\t\t<\/a>\n\t\t<a class=\"elementor-element elementor-element-e0a9373 caseresultat e-con-full e-flex e-con e-child\" data-id=\"e0a9373\" data-element_type=\"container\" data-e-type=\"container\" data-settings=\"{&quot;background_background&quot;:&quot;classic&quot;}\" href=\"https:\/\/www.acn-timing.com\/?lng=EN#\/events\/2159183138916026\/ctx\/20220619_bxl\/cms\/CAP\" target=\"_blank\" rel=\"nofollow noopener\">\n\t\t\t\t<div class=\"elementor-element elementor-element-61ae237 elementor-widget elementor-widget-heading\" data-id=\"61ae237\" data-element_type=\"widget\" data-e-type=\"widget\" data-widget_type=\"heading.default\">\n\t\t\t\t<div class=\"elementor-widget-container\">\n\t\t\t\t\t<div class=\"elementor-heading-title elementor-size-default\">Results 2022<\/div>\t\t\t\t<\/div>\n\t\t\t\t<\/div>\n\t\t\t\t<\/a>\n\t\t\t\t<\/div>\n\t\t<div class=\"elementor-element elementor-element-5420e0e e-con-full e-flex e-con e-parent\" data-id=\"5420e0e\" data-element_type=\"container\" data-e-type=\"container\">\n\t\t<a class=\"elementor-element elementor-element-a0de261 caseresultat e-con-full e-flex e-con e-child\" data-id=\"a0de261\" data-element_type=\"container\" data-e-type=\"container\" data-settings=\"{&quot;background_background&quot;:&quot;classic&quot;}\" href=\"https:\/\/prod.chronorace.be\/Classements\/ListeRapports.aspx?eventId=1190556344547200&#038;lng=EN\" target=\"_blank\" rel=\"nofollow noopener\">\n\t\t\t\t<div class=\"elementor-element elementor-element-0bb13df elementor-widget elementor-widget-heading\" data-id=\"0bb13df\" data-element_type=\"widget\" data-e-type=\"widget\" data-widget_type=\"heading.default\">\n\t\t\t\t<div class=\"elementor-widget-container\">\n\t\t\t\t\t<div class=\"elementor-heading-title elementor-size-default\">Results 2021<\/div>\t\t\t\t<\/div>\n\t\t\t\t<\/div>\n\t\t\t\t<\/a>\n\t\t<a class=\"elementor-element elementor-element-47a8dcc caseresultat e-con-full e-flex e-con e-child\" data-id=\"47a8dcc\" data-element_type=\"container\" data-e-type=\"container\" data-settings=\"{&quot;background_background&quot;:&quot;classic&quot;}\" href=\"http:\/\/prod.chronorace.be\/Classements\/ListeRapports.aspx?eventId=1188421745882729&#038;lng=EN&#038;hash=Qt1grm3ftWU44Ebfys2O_eUcFcQ\" target=\"_blank\" rel=\"nofollow noopener\">\n\t\t\t\t<div class=\"elementor-element elementor-element-6eaba8a elementor-widget elementor-widget-heading\" data-id=\"6eaba8a\" data-element_type=\"widget\" data-e-type=\"widget\" data-widget_type=\"heading.default\">\n\t\t\t\t<div class=\"elementor-widget-container\">\n\t\t\t\t\t<div class=\"elementor-heading-title elementor-size-default\">Results 2020<\/div>\t\t\t\t<\/div>\n\t\t\t\t<\/div>\n\t\t\t\t<\/a>\n\t\t<a class=\"elementor-element elementor-element-c56f5ec caseresultat e-con-full e-flex e-con e-child\" data-id=\"c56f5ec\" data-element_type=\"container\" data-e-type=\"container\" data-settings=\"{&quot;background_background&quot;:&quot;classic&quot;}\" href=\"https:\/\/www.chronorace.be\/Classements\/ListeRapports.aspx?eventId=1187859105218812&#038;lng=EN&#038;hash=cQeJbwK7AxVwj8b1HmbQNydvdms\" target=\"_blank\" rel=\"nofollow noopener\">\n\t\t\t\t<div class=\"elementor-element elementor-element-84e8019 elementor-widget elementor-widget-heading\" data-id=\"84e8019\" data-element_type=\"widget\" data-e-type=\"widget\" data-widget_type=\"heading.default\">\n\t\t\t\t<div class=\"elementor-widget-container\">\n\t\t\t\t\t<div class=\"elementor-heading-title elementor-size-default\">Results 2019<\/div>\t\t\t\t<\/div>\n\t\t\t\t<\/div>\n\t\t\t\t<\/a>\n\t\t<a class=\"elementor-element elementor-element-66a9a56 caseresultat e-con-full e-flex e-con e-child\" data-id=\"66a9a56\" data-element_type=\"container\" data-e-type=\"container\" data-settings=\"{&quot;background_background&quot;:&quot;classic&quot;}\" href=\"http:\/\/prod.chronorace.be\/Classements\/ListeRapports.aspx?lng=EN&#038;eventId=1187957889363244&#038;hash=zbWHm7WT7kg2LGuSa9CyTv5l3tw\" target=\"_blank\" rel=\"nofollow noopener\">\n\t\t\t\t<div class=\"elementor-element elementor-element-4e57a34 elementor-widget elementor-widget-heading\" data-id=\"4e57a34\" data-element_type=\"widget\" data-e-type=\"widget\" data-widget_type=\"heading.default\">\n\t\t\t\t<div class=\"elementor-widget-container\">\n\t\t\t\t\t<div class=\"elementor-heading-title elementor-size-default\">Results 2018<\/div>\t\t\t\t<\/div>\n\t\t\t\t<\/div>\n\t\t\t\t<\/a>\n\t\t\t\t<\/div>\n\t\t<div class=\"elementor-element elementor-element-f9fdfc4 e-con-full e-flex e-con e-parent\" data-id=\"f9fdfc4\" data-element_type=\"container\" data-e-type=\"container\">\n\t\t<a class=\"elementor-element elementor-element-c0a0464 caseresultat e-con-full e-flex e-con e-child\" data-id=\"c0a0464\" data-element_type=\"container\" data-e-type=\"container\" data-settings=\"{&quot;background_background&quot;:&quot;classic&quot;}\" href=\"https:\/\/prod.chronorace.be\/classements\/listerapports.aspx?eventId=1188018018944704&#038;lng=EN&#038;hash=moMNeqFyhiUnuu23K21zhQctG7I\" target=\"_blank\" rel=\"nofollow noopener\">\n\t\t\t\t<div class=\"elementor-element elementor-element-5fd688c elementor-widget elementor-widget-heading\" data-id=\"5fd688c\" data-element_type=\"widget\" data-e-type=\"widget\" data-widget_type=\"heading.default\">\n\t\t\t\t<div class=\"elementor-widget-container\">\n\t\t\t\t\t<div class=\"elementor-heading-title elementor-size-default\">Results 2017<\/div>\t\t\t\t<\/div>\n\t\t\t\t<\/div>\n\t\t\t\t<\/a>\n\t\t\t\t<\/div>\n\t\t\t\t<\/div>\n\t\t","protected":false},"excerpt":{"rendered":"<p>Retrouvez les r\u00e9sultats des diff\u00e9rentes \u00e9ditions du BXL TOUR.<\/p>\n","protected":false},"author":3,"featured_media":0,"parent":0,"menu_order":0,"comment_status":"closed","ping_status":"closed","template":"elementor_header_footer","meta":{"_acf_changed":false,"footnotes":""},"class_list":["post-10333","page","type-page","status-publish","hentry"],"acf":[],"_links":{"self":[{"href":"https:\/\/www.bxltour.be\/en\/wp-json\/wp\/v2\/pages\/10333","targetHints":{"allow":["GET"]}}],"collection":[{"href":"https:\/\/www.bxltour.be\/en\/wp-json\/wp\/v2\/pages"}],"about":[{"href":"https:\/\/www.bxltour.be\/en\/wp-json\/wp\/v2\/types\/page"}],"author":[{"embeddable":true,"href":"https:\/\/www.bxltour.be\/en\/wp-json\/wp\/v2\/users\/3"}],"replies":[{"embeddable":true,"href":"https:\/\/www.bxltour.be\/en\/wp-json\/wp\/v2\/comments?post=10333"}],"version-history":[{"count":100,"href":"https:\/\/www.bxltour.be\/en\/wp-json\/wp\/v2\/pages\/10333\/revisions"}],"predecessor-version":[{"id":33147,"href":"https:\/\/www.bxltour.be\/en\/wp-json\/wp\/v2\/pages\/10333\/revisions\/33147"}],"wp:attachment":[{"href":"https:\/\/www.bxltour.be\/en\/wp-json\/wp\/v2\/media?parent=10333"}],"curies":[{"name":"wp","href":"https:\/\/api.w.org\/{rel}","templated":true}]}}