{"id":8348,"date":"2022-03-12T22:00:25","date_gmt":"2022-03-12T21:00:25","guid":{"rendered":"https:\/\/www.bxltour.be\/la-course\/"},"modified":"2026-04-14T11:30:31","modified_gmt":"2026-04-14T09:30:31","slug":"parcours","status":"publish","type":"page","link":"https:\/\/www.bxltour.be\/en\/parcours","title":{"rendered":"Parcours"},"content":{"rendered":"\t\t<div data-elementor-type=\"wp-post\" data-elementor-id=\"8348\" class=\"elementor elementor-8348 elementor-7839\" data-elementor-post-type=\"page\">\n\t\t\t\t<div class=\"elementor-element elementor-element-5060bf6 e-flex e-con-boxed e-con e-parent\" data-id=\"5060bf6\" data-element_type=\"container\" data-e-type=\"container\">\n\t\t\t\t\t<div class=\"e-con-inner\">\n\t\t<div class=\"elementor-element elementor-element-5ca99e7c e-con-full elementor-hidden-tablet elementor-hidden-mobile e-flex e-con e-child\" data-id=\"5ca99e7c\" data-element_type=\"container\" data-e-type=\"container\" data-settings=\"{&quot;background_background&quot;:&quot;classic&quot;}\">\n\t\t\t\t<div class=\"elementor-element elementor-element-5be34229 elementor-widget elementor-widget-image\" data-id=\"5be34229\" data-element_type=\"widget\" data-e-type=\"widget\" data-settings=\"{&quot;sticky&quot;:&quot;top&quot;,&quot;sticky_offset&quot;:115,&quot;sticky_on&quot;:[&quot;desktop&quot;,&quot;tablet&quot;,&quot;mobile&quot;],&quot;sticky_effects_offset&quot;:0,&quot;sticky_anchor_link_offset&quot;:0}\" data-widget_type=\"image.default\">\n\t\t\t\t<div class=\"elementor-widget-container\">\n\t\t\t\t\t\t\t\t\t\t\t\t\t\t\t<img fetchpriority=\"high\" decoding=\"async\" width=\"480\" height=\"1440\" src=\"https:\/\/www.bxltour.be\/wp-content\/uploads\/2023\/03\/bandeau-gauche-rose.jpg\" class=\"attachment-full size-full wp-image-21464\" alt=\"bandeau-gauche-rose\" srcset=\"https:\/\/www.bxltour.be\/wp-content\/uploads\/2023\/03\/bandeau-gauche-rose.jpg 480w, https:\/\/www.bxltour.be\/wp-content\/uploads\/2023\/03\/bandeau-gauche-rose-100x300.jpg 100w, https:\/\/www.bxltour.be\/wp-content\/uploads\/2023\/03\/bandeau-gauche-rose-343x1030.jpg 343w\" sizes=\"(max-width: 480px) 100vw, 480px\" \/>\t\t\t\t\t\t\t\t\t\t\t\t\t\t\t<\/div>\n\t\t\t\t<\/div>\n\t\t\t\t<\/div>\n\t\t<div class=\"elementor-element elementor-element-2863a9d1 landingpage e-con-full e-flex e-con e-child\" data-id=\"2863a9d1\" data-element_type=\"container\" data-e-type=\"container\">\n\t\t\t\t<div class=\"elementor-element elementor-element-33aae83 elementor-widget elementor-widget-heading\" data-id=\"33aae83\" data-element_type=\"widget\" data-e-type=\"widget\" data-widget_type=\"heading.default\">\n\t\t\t\t<div class=\"elementor-widget-container\">\n\t\t\t\t\t<h1 class=\"elementor-heading-title elementor-size-default\">Course.<\/h1>\t\t\t\t<\/div>\n\t\t\t\t<\/div>\n\t\t\t\t<div class=\"elementor-element elementor-element-905e277 elementor-widget elementor-widget-text-editor\" data-id=\"905e277\" data-element_type=\"widget\" data-e-type=\"widget\" data-widget_type=\"text-editor.default\">\n\t\t\t\t<div class=\"elementor-widget-container\">\n\t\t\t\t\t\t\t\t\t<p><span style=\"font-size: 11pt;\">The course of the <strong>BXL TOUR<\/strong> is completely closed to traffic, which allows you to cycle<\/span>\u00a0safely from Place des Palais to the Atomium.<\/p>\t\t\t\t\t\t\t\t<\/div>\n\t\t\t\t<\/div>\n\t\t<div class=\"elementor-element elementor-element-4a812be e-con-full e-flex e-con e-child\" data-id=\"4a812be\" data-element_type=\"container\" data-e-type=\"container\">\n\t\t\t\t<div class=\"elementor-element elementor-element-d541dc0 elementor-widget elementor-widget-image\" data-id=\"d541dc0\" data-element_type=\"widget\" data-e-type=\"widget\" data-widget_type=\"image.default\">\n\t\t\t\t<div class=\"elementor-widget-container\">\n\t\t\t\t\t\t\t\t\t\t\t\t\t\t\t\t<a href=\"https:\/\/www.brusselsmajorevents.com\/BXLT\/2026\/bxltour-plan-2026.pdf\" target=\"_blank\" rel=\"noopener\">\n\t\t\t\t\t\t\t<img decoding=\"async\" width=\"1810\" height=\"2560\" src=\"https:\/\/www.bxltour.be\/wp-content\/uploads\/2026\/04\/Parcours-BXL_Tissot-sprint_01-scaled.jpg\" class=\"attachment-full size-full wp-image-33520\" alt=\"\" srcset=\"https:\/\/www.bxltour.be\/wp-content\/uploads\/2026\/04\/Parcours-BXL_Tissot-sprint_01-scaled.jpg 1810w, https:\/\/www.bxltour.be\/wp-content\/uploads\/2026\/04\/Parcours-BXL_Tissot-sprint_01-212x300.jpg 212w, https:\/\/www.bxltour.be\/wp-content\/uploads\/2026\/04\/Parcours-BXL_Tissot-sprint_01-728x1030.jpg 728w, https:\/\/www.bxltour.be\/wp-content\/uploads\/2026\/04\/Parcours-BXL_Tissot-sprint_01-768x1086.jpg 768w, https:\/\/www.bxltour.be\/wp-content\/uploads\/2026\/04\/Parcours-BXL_Tissot-sprint_01-1086x1536.jpg 1086w, https:\/\/www.bxltour.be\/wp-content\/uploads\/2026\/04\/Parcours-BXL_Tissot-sprint_01-1448x2048.jpg 1448w\" sizes=\"(max-width: 1810px) 100vw, 1810px\" \/>\t\t\t\t\t\t\t\t<\/a>\n\t\t\t\t\t\t\t\t\t\t\t\t\t\t\t<\/div>\n\t\t\t\t<\/div>\n\t\t\t\t<div class=\"elementor-element elementor-element-59cfb9b elementor-widget elementor-widget-heading\" data-id=\"59cfb9b\" data-element_type=\"widget\" data-e-type=\"widget\" data-widget_type=\"heading.default\">\n\t\t\t\t<div class=\"elementor-widget-container\">\n\t\t\t\t\t<span class=\"elementor-heading-title elementor-size-default\"><a href=\"https:\/\/www.brusselsmajorevents.com\/BXLT\/2026\/bxltour-plan-2026.pdf\" target=\"_blank\" rel=\"noopener\">* Click on the map to enlarge it<\/a><\/span>\t\t\t\t<\/div>\n\t\t\t\t<\/div>\n\t\t\t\t<div class=\"elementor-element elementor-element-5a3af57 elementor-widget elementor-widget-text-editor\" data-id=\"5a3af57\" data-element_type=\"widget\" data-e-type=\"widget\" data-widget_type=\"text-editor.default\">\n\t\t\t\t<div class=\"elementor-widget-container\">\n\t\t\t\t\t\t\t\t\t<p>Each year, more than 6.000 cyclists from Brussels and beyond start infront of the Royal Palace of Brussels. And that\u2019s just the beginning of a 40 km (or 32 km) route crossing 8 municipalities and passing several emblematic landmarks of the capital.<\/p><p>The elevation profile will also challenge you: fast descents, demanding climbs, false flats\u2026 everything you need for a real sports challenge.<\/p>\t\t\t\t\t\t\t\t<\/div>\n\t\t\t\t<\/div>\n\t\t\t\t<div class=\"elementor-element elementor-element-1ecb2bb elementor-widget elementor-widget-image\" data-id=\"1ecb2bb\" data-element_type=\"widget\" data-e-type=\"widget\" data-widget_type=\"image.default\">\n\t\t\t\t<div class=\"elementor-widget-container\">\n\t\t\t\t\t\t\t\t\t\t\t\t\t\t\t\t<a href=\"https:\/\/www.bxltour.be\/wp-content\/uploads\/2026\/02\/bxltour-denivele2026.jpg\" data-elementor-open-lightbox=\"yes\" data-elementor-lightbox-title=\"bxltour-denivele2026\" data-e-action-hash=\"#elementor-action%3Aaction%3Dlightbox%26settings%3DeyJpZCI6MzI4NzgsInVybCI6Imh0dHBzOlwvXC93d3cuYnhsdG91ci5iZVwvd3AtY29udGVudFwvdXBsb2Fkc1wvMjAyNlwvMDJcL2J4bHRvdXItZGVuaXZlbGUyMDI2LmpwZyJ9\">\n\t\t\t\t\t\t\t<img decoding=\"async\" width=\"800\" height=\"267\" src=\"https:\/\/www.bxltour.be\/wp-content\/uploads\/2026\/02\/bxltour-denivele2026.jpg\" class=\"attachment-full size-full wp-image-32878\" alt=\"\" srcset=\"https:\/\/www.bxltour.be\/wp-content\/uploads\/2026\/02\/bxltour-denivele2026.jpg 800w, https:\/\/www.bxltour.be\/wp-content\/uploads\/2026\/02\/bxltour-denivele2026-300x100.jpg 300w, https:\/\/www.bxltour.be\/wp-content\/uploads\/2026\/02\/bxltour-denivele2026-768x256.jpg 768w\" sizes=\"(max-width: 800px) 100vw, 800px\" \/>\t\t\t\t\t\t\t\t<\/a>\n\t\t\t\t\t\t\t\t\t\t\t\t\t\t\t<\/div>\n\t\t\t\t<\/div>\n\t\t\t\t<div class=\"elementor-element elementor-element-25c0a71 elementor-widget elementor-widget-text-editor\" data-id=\"25c0a71\" data-element_type=\"widget\" data-e-type=\"widget\" data-widget_type=\"text-editor.default\">\n\t\t\t\t<div class=\"elementor-widget-container\">\n\t\t\t\t\t\t\t\t\t<p>Even while pushing your limits, don\u2019t hesitate to look up and take in your surroundings. Realise how unique it is to cycle through the streets of Brussels without traffic.<\/p>\t\t\t\t\t\t\t\t<\/div>\n\t\t\t\t<\/div>\n\t\t\t\t<div class=\"elementor-element elementor-element-1c15ab5 elementor-widget elementor-widget-image\" data-id=\"1c15ab5\" data-element_type=\"widget\" data-e-type=\"widget\" data-widget_type=\"image.default\">\n\t\t\t\t<div class=\"elementor-widget-container\">\n\t\t\t\t\t\t\t\t\t\t\t\t\t\t\t<img loading=\"lazy\" decoding=\"async\" width=\"800\" height=\"533\" src=\"https:\/\/www.bxltour.be\/wp-content\/uploads\/2026\/02\/bxltour-parcours-2026-rue-bruxelles.jpg\" class=\"attachment-full size-full wp-image-31973\" alt=\"\" srcset=\"https:\/\/www.bxltour.be\/wp-content\/uploads\/2026\/02\/bxltour-parcours-2026-rue-bruxelles.jpg 800w, https:\/\/www.bxltour.be\/wp-content\/uploads\/2026\/02\/bxltour-parcours-2026-rue-bruxelles-300x200.jpg 300w, https:\/\/www.bxltour.be\/wp-content\/uploads\/2026\/02\/bxltour-parcours-2026-rue-bruxelles-768x512.jpg 768w\" sizes=\"(max-width: 800px) 100vw, 800px\" \/>\t\t\t\t\t\t\t\t\t\t\t\t\t\t\t<\/div>\n\t\t\t\t<\/div>\n\t\t\t\t<div class=\"elementor-element elementor-element-2d3fd55 elementor-widget elementor-widget-heading\" data-id=\"2d3fd55\" data-element_type=\"widget\" data-e-type=\"widget\" data-widget_type=\"heading.default\">\n\t\t\t\t<div class=\"elementor-widget-container\">\n\t\t\t\t\t<h2 class=\"elementor-heading-title elementor-size-default\">Main course information<\/h2>\t\t\t\t<\/div>\n\t\t\t\t<\/div>\n\t\t\t\t<div class=\"elementor-element elementor-element-4cb104a elementor-widget elementor-widget-text-editor\" data-id=\"4cb104a\" data-element_type=\"widget\" data-e-type=\"widget\" data-widget_type=\"text-editor.default\">\n\t\t\t\t<div class=\"elementor-widget-container\">\n\t\t\t\t\t\t\t\t\t<ul><li><strong>Start:<\/strong> Place des Palais<\/li><li><strong>Finish:<\/strong> Atomium<\/li><li><strong>Distance:<\/strong> 40 km across the Brussels-Capital Region<ul><li><a href=\"\/en\/categories\"><strong>Ride category<\/strong><\/a><strong>:<\/strong> 32 km route<\/li><\/ul><\/li><\/ul>\t\t\t\t\t\t\t\t<\/div>\n\t\t\t\t<\/div>\n\t\t\t\t<div class=\"elementor-element elementor-element-e6a9da3 elementor-widget elementor-widget-image\" data-id=\"e6a9da3\" data-element_type=\"widget\" data-e-type=\"widget\" data-widget_type=\"image.default\">\n\t\t\t\t<div class=\"elementor-widget-container\">\n\t\t\t\t\t\t\t\t\t\t\t\t\t\t\t<img loading=\"lazy\" decoding=\"async\" width=\"800\" height=\"533\" src=\"https:\/\/www.bxltour.be\/wp-content\/uploads\/2026\/02\/bxltour-parcours-2026-tunnel-bruxelles.jpg\" class=\"attachment-full size-full wp-image-31979\" alt=\"\" srcset=\"https:\/\/www.bxltour.be\/wp-content\/uploads\/2026\/02\/bxltour-parcours-2026-tunnel-bruxelles.jpg 800w, https:\/\/www.bxltour.be\/wp-content\/uploads\/2026\/02\/bxltour-parcours-2026-tunnel-bruxelles-300x200.jpg 300w, https:\/\/www.bxltour.be\/wp-content\/uploads\/2026\/02\/bxltour-parcours-2026-tunnel-bruxelles-768x512.jpg 768w\" sizes=\"(max-width: 800px) 100vw, 800px\" \/>\t\t\t\t\t\t\t\t\t\t\t\t\t\t\t<\/div>\n\t\t\t\t<\/div>\n\t\t\t\t<div class=\"elementor-element elementor-element-e4859dc elementor-widget elementor-widget-text-editor\" data-id=\"e4859dc\" data-element_type=\"widget\" data-e-type=\"widget\" data-widget_type=\"text-editor.default\">\n\t\t\t\t<div class=\"elementor-widget-container\">\n\t\t\t\t\t\t\t\t\t<p>A <strong>Tissot\u00a0sprint section<\/strong> is set up in front of the Royal Castle of Laeken, so save a bit of energy!<\/p>\t\t\t\t\t\t\t\t<\/div>\n\t\t\t\t<\/div>\n\t\t\t\t<div class=\"elementor-element elementor-element-08160c3 elementor-arrows-position-inside elementor-widget elementor-widget-image-carousel\" data-id=\"08160c3\" data-element_type=\"widget\" data-e-type=\"widget\" data-settings=\"{&quot;slides_to_show&quot;:&quot;1&quot;,&quot;navigation&quot;:&quot;arrows&quot;,&quot;autoplay&quot;:&quot;yes&quot;,&quot;pause_on_hover&quot;:&quot;yes&quot;,&quot;pause_on_interaction&quot;:&quot;yes&quot;,&quot;autoplay_speed&quot;:5000,&quot;infinite&quot;:&quot;yes&quot;,&quot;effect&quot;:&quot;slide&quot;,&quot;speed&quot;:500}\" data-widget_type=\"image-carousel.default\">\n\t\t\t\t<div class=\"elementor-widget-container\">\n\t\t\t\t\t            <div class=\"elementor-image-carousel-wrapper swiper\" role=\"region\" aria-roledescription=\"carousel\" aria-label=\"Carrousel d\u2019images\" dir=\"ltr\">\n                <div class=\"elementor-image-carousel swiper-wrapper\" aria-live=\"off\">\n\t\t\t\t\t\t\t\t\t\t<div class=\"swiper-slide\"><figure class=\"swiper-slide-inner\"><img decoding=\"async\" class=\"swiper-slide-image\" src=\"https:\/\/www.bxltour.be\/wp-content\/uploads\/2026\/02\/bxltour-parcours-2026-sprint-final-1.jpg\" alt=\"bxltour-parcours-2026-sprint-final-1\" \/><\/figure><\/div><div class=\"swiper-slide\"><figure class=\"swiper-slide-inner\"><img decoding=\"async\" class=\"swiper-slide-image\" src=\"https:\/\/www.bxltour.be\/wp-content\/uploads\/2026\/02\/bxltour-parcours-2026-sprint-final-2.jpg\" alt=\"bxltour-parcours-2026-sprint-final-2\" \/><\/figure><\/div>                <\/div>\n\t\t\t\t\t\t\t\t\t\t\t\t\t\t                        <div class=\"elementor-swiper-button elementor-swiper-button-prev\">\n                            <i class=\"eicon-chevron-left\" aria-hidden=\"true\"><\/i>\n                            <span class=\"elementor-screen-only\">Previous<\/span>\n                        <\/div>\n                        <div class=\"elementor-swiper-button elementor-swiper-button-next\">\n                            <i class=\"eicon-chevron-right\" aria-hidden=\"true\"><\/i>\n                            <span class=\"elementor-screen-only\">Next<\/span>\n                        <\/div>\n\t\t\t\t\t\t\t\t\t            <\/div>\n\t\t\t\t\t\t\t<\/div>\n\t\t\t\t<\/div>\n\t\t\t\t<div class=\"elementor-element elementor-element-fd78fc1 elementor-widget elementor-widget-text-editor\" data-id=\"fd78fc1\" data-element_type=\"widget\" data-e-type=\"widget\" data-widget_type=\"text-editor.default\">\n\t\t\t\t<div class=\"elementor-widget-container\">\n\t\t\t\t\t\t\t\t\t<p>Photographers will be present all along the course, so don\u2019t forget to smile!<\/p>\t\t\t\t\t\t\t\t<\/div>\n\t\t\t\t<\/div>\n\t\t\t\t<div class=\"elementor-element elementor-element-d7c2df1 elementor-widget elementor-widget-image\" data-id=\"d7c2df1\" data-element_type=\"widget\" data-e-type=\"widget\" data-widget_type=\"image.default\">\n\t\t\t\t<div class=\"elementor-widget-container\">\n\t\t\t\t\t\t\t\t\t\t\t\t\t\t\t<img loading=\"lazy\" decoding=\"async\" width=\"800\" height=\"533\" src=\"https:\/\/www.bxltour.be\/wp-content\/uploads\/2026\/02\/bxltour-parcours-2026-course-velo-bruxelles.jpg\" class=\"attachment-full size-full wp-image-32001\" alt=\"\" srcset=\"https:\/\/www.bxltour.be\/wp-content\/uploads\/2026\/02\/bxltour-parcours-2026-course-velo-bruxelles.jpg 800w, https:\/\/www.bxltour.be\/wp-content\/uploads\/2026\/02\/bxltour-parcours-2026-course-velo-bruxelles-300x200.jpg 300w, https:\/\/www.bxltour.be\/wp-content\/uploads\/2026\/02\/bxltour-parcours-2026-course-velo-bruxelles-768x512.jpg 768w\" sizes=\"(max-width: 800px) 100vw, 800px\" \/>\t\t\t\t\t\t\t\t\t\t\t\t\t\t\t<\/div>\n\t\t\t\t<\/div>\n\t\t\t\t<div class=\"elementor-element elementor-element-d876564 elementor-widget elementor-widget-text-editor\" data-id=\"d876564\" data-element_type=\"widget\" data-e-type=\"widget\" data-widget_type=\"text-editor.default\">\n\t\t\t\t<div class=\"elementor-widget-container\">\n\t\t\t\t\t\t\t\t\t<p>The full official BXL TOUR route is only accessible on the day of the event. However, if you wish to train in the Brussels-Capital Region, we also offer several <a href=\"\/en\/bxl-tour-our-cycling-training-routes-in-brussels\">training routes<\/a> for you to discover.<\/p>\t\t\t\t\t\t\t\t<\/div>\n\t\t\t\t<\/div>\n\t\t\t\t<\/div>\n\t\t\t\t<\/div>\n\t\t<div class=\"elementor-element elementor-element-796dd8b2 e-con-full elementor-hidden-tablet elementor-hidden-mobile e-flex e-con e-child\" data-id=\"796dd8b2\" data-element_type=\"container\" data-e-type=\"container\" data-settings=\"{&quot;background_background&quot;:&quot;classic&quot;}\">\n\t\t\t\t<div class=\"elementor-element elementor-element-1d025a10 elementor-widget elementor-widget-image\" data-id=\"1d025a10\" data-element_type=\"widget\" data-e-type=\"widget\" data-settings=\"{&quot;sticky&quot;:&quot;top&quot;,&quot;sticky_offset&quot;:115,&quot;sticky_on&quot;:[&quot;desktop&quot;,&quot;tablet&quot;,&quot;mobile&quot;],&quot;sticky_effects_offset&quot;:0,&quot;sticky_anchor_link_offset&quot;:0}\" data-widget_type=\"image.default\">\n\t\t\t\t<div class=\"elementor-widget-container\">\n\t\t\t\t\t\t\t\t\t\t\t\t\t\t\t<img loading=\"lazy\" decoding=\"async\" width=\"480\" height=\"1440\" src=\"https:\/\/www.bxltour.be\/wp-content\/uploads\/2023\/03\/bandeau-droite-rose.jpg\" class=\"attachment-full size-full wp-image-21467\" alt=\"bandeau-droite-rose\" srcset=\"https:\/\/www.bxltour.be\/wp-content\/uploads\/2023\/03\/bandeau-droite-rose.jpg 480w, https:\/\/www.bxltour.be\/wp-content\/uploads\/2023\/03\/bandeau-droite-rose-100x300.jpg 100w, https:\/\/www.bxltour.be\/wp-content\/uploads\/2023\/03\/bandeau-droite-rose-343x1030.jpg 343w\" sizes=\"(max-width: 480px) 100vw, 480px\" \/>\t\t\t\t\t\t\t\t\t\t\t\t\t\t\t<\/div>\n\t\t\t\t<\/div>\n\t\t\t\t<\/div>\n\t\t\t\t\t<\/div>\n\t\t\t\t<\/div>\n\t\t\t\t<\/div>\n\t\t","protected":false},"excerpt":{"rendered":"<p>T\u00e9l\u00e9chargez en PDF le plan du parcours et l&#8217;horaire du BXL TOUR 2022 &#8211; D\u00e9part : place des Palais &#8211; Arriv\u00e9e : avenue du Gros Tilleul, pr\u00e8s de l\u2019Atomium.<\/p>\n","protected":false},"author":3,"featured_media":0,"parent":0,"menu_order":0,"comment_status":"closed","ping_status":"closed","template":"elementor_header_footer","meta":{"_acf_changed":false,"footnotes":""},"class_list":["post-8348","page","type-page","status-publish","hentry"],"acf":[],"_links":{"self":[{"href":"https:\/\/www.bxltour.be\/en\/wp-json\/wp\/v2\/pages\/8348","targetHints":{"allow":["GET"]}}],"collection":[{"href":"https:\/\/www.bxltour.be\/en\/wp-json\/wp\/v2\/pages"}],"about":[{"href":"https:\/\/www.bxltour.be\/en\/wp-json\/wp\/v2\/types\/page"}],"author":[{"embeddable":true,"href":"https:\/\/www.bxltour.be\/en\/wp-json\/wp\/v2\/users\/3"}],"replies":[{"embeddable":true,"href":"https:\/\/www.bxltour.be\/en\/wp-json\/wp\/v2\/comments?post=8348"}],"version-history":[{"count":243,"href":"https:\/\/www.bxltour.be\/en\/wp-json\/wp\/v2\/pages\/8348\/revisions"}],"predecessor-version":[{"id":33529,"href":"https:\/\/www.bxltour.be\/en\/wp-json\/wp\/v2\/pages\/8348\/revisions\/33529"}],"wp:attachment":[{"href":"https:\/\/www.bxltour.be\/en\/wp-json\/wp\/v2\/media?parent=8348"}],"curies":[{"name":"wp","href":"https:\/\/api.w.org\/{rel}","templated":true}]}}