{"id":8278,"date":"2022-03-12T22:00:25","date_gmt":"2022-03-12T21:00:25","guid":{"rendered":"https:\/\/www.bxltour.be\/la-course\/"},"modified":"2026-04-14T11:29:45","modified_gmt":"2026-04-14T09:29:45","slug":"parcours","status":"publish","type":"page","link":"https:\/\/www.bxltour.be\/nl\/parcours","title":{"rendered":"Parcours"},"content":{"rendered":"\t\t<div data-elementor-type=\"wp-post\" data-elementor-id=\"8278\" class=\"elementor elementor-8278 elementor-7839\" data-elementor-post-type=\"page\">\n\t\t\t\t<div class=\"elementor-element elementor-element-5060bf6 e-flex e-con-boxed e-con e-parent\" data-id=\"5060bf6\" data-element_type=\"container\" data-e-type=\"container\">\n\t\t\t\t\t<div class=\"e-con-inner\">\n\t\t<div class=\"elementor-element elementor-element-5ca99e7c e-con-full elementor-hidden-tablet elementor-hidden-mobile e-flex e-con e-child\" data-id=\"5ca99e7c\" data-element_type=\"container\" data-e-type=\"container\" data-settings=\"{&quot;background_background&quot;:&quot;classic&quot;}\">\n\t\t\t\t<div class=\"elementor-element elementor-element-5be34229 elementor-widget elementor-widget-image\" data-id=\"5be34229\" data-element_type=\"widget\" data-e-type=\"widget\" data-settings=\"{&quot;sticky&quot;:&quot;top&quot;,&quot;sticky_offset&quot;:115,&quot;sticky_on&quot;:[&quot;desktop&quot;,&quot;tablet&quot;,&quot;mobile&quot;],&quot;sticky_effects_offset&quot;:0,&quot;sticky_anchor_link_offset&quot;:0}\" data-widget_type=\"image.default\">\n\t\t\t\t<div class=\"elementor-widget-container\">\n\t\t\t\t\t\t\t\t\t\t\t\t\t\t\t<img fetchpriority=\"high\" decoding=\"async\" width=\"480\" height=\"1440\" src=\"https:\/\/www.bxltour.be\/wp-content\/uploads\/2023\/03\/bandeau-gauche-rose.jpg\" class=\"attachment-full size-full wp-image-21463\" alt=\"bandeau-gauche-rose\" srcset=\"https:\/\/www.bxltour.be\/wp-content\/uploads\/2023\/03\/bandeau-gauche-rose.jpg 480w, https:\/\/www.bxltour.be\/wp-content\/uploads\/2023\/03\/bandeau-gauche-rose-100x300.jpg 100w, https:\/\/www.bxltour.be\/wp-content\/uploads\/2023\/03\/bandeau-gauche-rose-343x1030.jpg 343w\" sizes=\"(max-width: 480px) 100vw, 480px\" \/>\t\t\t\t\t\t\t\t\t\t\t\t\t\t\t<\/div>\n\t\t\t\t<\/div>\n\t\t\t\t<\/div>\n\t\t<div class=\"elementor-element elementor-element-2863a9d1 landingpage e-con-full e-flex e-con e-child\" data-id=\"2863a9d1\" data-element_type=\"container\" data-e-type=\"container\">\n\t\t\t\t<div class=\"elementor-element elementor-element-33aae83 elementor-widget elementor-widget-heading\" data-id=\"33aae83\" data-element_type=\"widget\" data-e-type=\"widget\" data-widget_type=\"heading.default\">\n\t\t\t\t<div class=\"elementor-widget-container\">\n\t\t\t\t\t<h1 class=\"elementor-heading-title elementor-size-default\">Parcours.<\/h1>\t\t\t\t<\/div>\n\t\t\t\t<\/div>\n\t\t\t\t<div class=\"elementor-element elementor-element-905e277 elementor-widget elementor-widget-text-editor\" data-id=\"905e277\" data-element_type=\"widget\" data-e-type=\"widget\" data-widget_type=\"text-editor.default\">\n\t\t\t\t<div class=\"elementor-widget-container\">\n\t\t\t\t\t\t\t\t\t<p><span data-olk-copy-source=\"MessageBody\">Het parcours van de <strong>BXL TOUR<\/strong> is volledig afgesloten voor het verkeer, zodanig<\/span>\u00a0je veilig kunt fietsen van het Paleizenplein tot aan het Atomium.<\/p>\t\t\t\t\t\t\t\t<\/div>\n\t\t\t\t<\/div>\n\t\t<div class=\"elementor-element elementor-element-4a812be e-con-full e-flex e-con e-child\" data-id=\"4a812be\" data-element_type=\"container\" data-e-type=\"container\">\n\t\t\t\t<div class=\"elementor-element elementor-element-d541dc0 elementor-widget elementor-widget-image\" data-id=\"d541dc0\" data-element_type=\"widget\" data-e-type=\"widget\" data-widget_type=\"image.default\">\n\t\t\t\t<div class=\"elementor-widget-container\">\n\t\t\t\t\t\t\t\t\t\t\t\t\t\t\t\t<a href=\"https:\/\/www.brusselsmajorevents.com\/BXLT\/2026\/bxltour-plan-2026.pdf\" target=\"_blank\" rel=\"noopener\">\n\t\t\t\t\t\t\t<img decoding=\"async\" width=\"1810\" height=\"2560\" src=\"https:\/\/www.bxltour.be\/wp-content\/uploads\/2026\/04\/Parcours-BXL_Tissot-sprint_01-scaled.jpg\" class=\"attachment-full size-full wp-image-33519\" alt=\"\" srcset=\"https:\/\/www.bxltour.be\/wp-content\/uploads\/2026\/04\/Parcours-BXL_Tissot-sprint_01-scaled.jpg 1810w, https:\/\/www.bxltour.be\/wp-content\/uploads\/2026\/04\/Parcours-BXL_Tissot-sprint_01-212x300.jpg 212w, https:\/\/www.bxltour.be\/wp-content\/uploads\/2026\/04\/Parcours-BXL_Tissot-sprint_01-728x1030.jpg 728w, https:\/\/www.bxltour.be\/wp-content\/uploads\/2026\/04\/Parcours-BXL_Tissot-sprint_01-768x1086.jpg 768w, https:\/\/www.bxltour.be\/wp-content\/uploads\/2026\/04\/Parcours-BXL_Tissot-sprint_01-1086x1536.jpg 1086w, https:\/\/www.bxltour.be\/wp-content\/uploads\/2026\/04\/Parcours-BXL_Tissot-sprint_01-1448x2048.jpg 1448w\" sizes=\"(max-width: 1810px) 100vw, 1810px\" \/>\t\t\t\t\t\t\t\t<\/a>\n\t\t\t\t\t\t\t\t\t\t\t\t\t\t\t<\/div>\n\t\t\t\t<\/div>\n\t\t\t\t<div class=\"elementor-element elementor-element-59cfb9b elementor-widget elementor-widget-heading\" data-id=\"59cfb9b\" data-element_type=\"widget\" data-e-type=\"widget\" data-widget_type=\"heading.default\">\n\t\t\t\t<div class=\"elementor-widget-container\">\n\t\t\t\t\t<span class=\"elementor-heading-title elementor-size-default\"><a href=\"https:\/\/www.brusselsmajorevents.com\/BXLT\/2026\/bxltour-plan-2026.pdf\" target=\"_blank\" rel=\"noopener\">* Klik op het plan om het te vergroten<\/a><\/span>\t\t\t\t<\/div>\n\t\t\t\t<\/div>\n\t\t\t\t<div class=\"elementor-element elementor-element-5a3af57 elementor-widget elementor-widget-text-editor\" data-id=\"5a3af57\" data-element_type=\"widget\" data-e-type=\"widget\" data-widget_type=\"text-editor.default\">\n\t\t\t\t<div class=\"elementor-widget-container\">\n\t\t\t\t\t\t\t\t\t<p>Elk jaar nemen meer dan 6.000 fietsers, Brusselaars en Belgen, de start voor het Koninklijk Paleis van Brussel. En dat is nog maar het begin van een traject van 40 km (of 32 km) dat door 8 gemeenten loopt en je langs verschillende emblematische plekken van de hoofdstad voert.<\/p><p>Het hoogteverschil van het parcours zal je ook uitdagen: snelle afdalingen, pittige beklimmingen, valse platten\u2026 alles is aanwezig om er een echte sportieve uitdaging van te maken.<\/p>\t\t\t\t\t\t\t\t<\/div>\n\t\t\t\t<\/div>\n\t\t\t\t<div class=\"elementor-element elementor-element-e0a4452 elementor-widget elementor-widget-image\" data-id=\"e0a4452\" data-element_type=\"widget\" data-e-type=\"widget\" data-widget_type=\"image.default\">\n\t\t\t\t<div class=\"elementor-widget-container\">\n\t\t\t\t\t\t\t\t\t\t\t\t\t\t\t\t<a href=\"https:\/\/www.bxltour.be\/wp-content\/uploads\/2026\/02\/bxltour-denivele2026.jpg\" data-elementor-open-lightbox=\"yes\" data-elementor-lightbox-title=\"bxltour-denivele2026\" data-e-action-hash=\"#elementor-action%3Aaction%3Dlightbox%26settings%3DeyJpZCI6MzI4NzcsInVybCI6Imh0dHBzOlwvXC93d3cuYnhsdG91ci5iZVwvd3AtY29udGVudFwvdXBsb2Fkc1wvMjAyNlwvMDJcL2J4bHRvdXItZGVuaXZlbGUyMDI2LmpwZyJ9\">\n\t\t\t\t\t\t\t<img decoding=\"async\" width=\"800\" height=\"267\" src=\"https:\/\/www.bxltour.be\/wp-content\/uploads\/2026\/02\/bxltour-denivele2026.jpg\" class=\"attachment-full size-full wp-image-32877\" alt=\"\" srcset=\"https:\/\/www.bxltour.be\/wp-content\/uploads\/2026\/02\/bxltour-denivele2026.jpg 800w, https:\/\/www.bxltour.be\/wp-content\/uploads\/2026\/02\/bxltour-denivele2026-300x100.jpg 300w, https:\/\/www.bxltour.be\/wp-content\/uploads\/2026\/02\/bxltour-denivele2026-768x256.jpg 768w\" sizes=\"(max-width: 800px) 100vw, 800px\" \/>\t\t\t\t\t\t\t\t<\/a>\n\t\t\t\t\t\t\t\t\t\t\t\t\t\t\t<\/div>\n\t\t\t\t<\/div>\n\t\t\t\t<div class=\"elementor-element elementor-element-25c0a71 elementor-widget elementor-widget-text-editor\" data-id=\"25c0a71\" data-element_type=\"widget\" data-e-type=\"widget\" data-widget_type=\"text-editor.default\">\n\t\t\t\t<div class=\"elementor-widget-container\">\n\t\t\t\t\t\t\t\t\t<p>Aarzel niet om tijdens het fietsen je blik op te heffen en rond je te kijken. Besef hoe uniek het is om met de fiets door de straten van Brussel te rijden, zonder verkeer.<\/p>\t\t\t\t\t\t\t\t<\/div>\n\t\t\t\t<\/div>\n\t\t\t\t<div class=\"elementor-element elementor-element-1c15ab5 elementor-widget elementor-widget-image\" data-id=\"1c15ab5\" data-element_type=\"widget\" data-e-type=\"widget\" data-widget_type=\"image.default\">\n\t\t\t\t<div class=\"elementor-widget-container\">\n\t\t\t\t\t\t\t\t\t\t\t\t\t\t\t<img loading=\"lazy\" decoding=\"async\" width=\"800\" height=\"533\" src=\"https:\/\/www.bxltour.be\/wp-content\/uploads\/2026\/02\/bxltour-parcours-2026-rue-bruxelles.jpg\" class=\"attachment-full size-full wp-image-31972\" alt=\"\" srcset=\"https:\/\/www.bxltour.be\/wp-content\/uploads\/2026\/02\/bxltour-parcours-2026-rue-bruxelles.jpg 800w, https:\/\/www.bxltour.be\/wp-content\/uploads\/2026\/02\/bxltour-parcours-2026-rue-bruxelles-300x200.jpg 300w, https:\/\/www.bxltour.be\/wp-content\/uploads\/2026\/02\/bxltour-parcours-2026-rue-bruxelles-768x512.jpg 768w\" sizes=\"(max-width: 800px) 100vw, 800px\" \/>\t\t\t\t\t\t\t\t\t\t\t\t\t\t\t<\/div>\n\t\t\t\t<\/div>\n\t\t\t\t<div class=\"elementor-element elementor-element-2d3fd55 elementor-widget elementor-widget-heading\" data-id=\"2d3fd55\" data-element_type=\"widget\" data-e-type=\"widget\" data-widget_type=\"heading.default\">\n\t\t\t\t<div class=\"elementor-widget-container\">\n\t\t\t\t\t<h2 class=\"elementor-heading-title elementor-size-default\">Belangrijkste info over het parcours<\/h2>\t\t\t\t<\/div>\n\t\t\t\t<\/div>\n\t\t\t\t<div class=\"elementor-element elementor-element-4cb104a elementor-widget elementor-widget-text-editor\" data-id=\"4cb104a\" data-element_type=\"widget\" data-e-type=\"widget\" data-widget_type=\"text-editor.default\">\n\t\t\t\t<div class=\"elementor-widget-container\">\n\t\t\t\t\t\t\t\t\t<ul><li><strong>Start:<\/strong> Paleizenplein<\/li><li><strong>Aankomst:<\/strong> Atomium<\/li><li><strong>Afstand:<\/strong> 40 km door het Brussels Hoofdstedelijk Gewest<ul><li><a href=\"\/nl\/categorieen\"><strong>Ride categorie<\/strong><\/a><strong>:<\/strong> parcours van 32 km<\/li><\/ul><\/li><\/ul><p>De Ride categorie volgt een parcours van 32 km. Een deel van het traject wordt afgesloten op een strategisch punt, zodat deelnemers die later starten enkel 32 km afleggen.<\/p><p>Rijd je sneller dan het gemiddelde van de categorie (16 km\/u)? Dan kan het zijn dat je dit punt bereikt v\u00f3\u00f3r de sluiting\u2026 en zo toch de volledige 40 km aflegt.<\/p><p>Het parcours verzekert duizenden fietsers jaarlijks een onvergetelijke ervaring. E\u00e9n van de hoogtepunten? Fietsen door de Brusselse tunnels, op je eigen tempo, in alle veiligheid, omringd door andere fietsliefhebbers. Een unieke sensatie.<\/p>\t\t\t\t\t\t\t\t<\/div>\n\t\t\t\t<\/div>\n\t\t\t\t<div class=\"elementor-element elementor-element-e6a9da3 elementor-widget elementor-widget-image\" data-id=\"e6a9da3\" data-element_type=\"widget\" data-e-type=\"widget\" data-widget_type=\"image.default\">\n\t\t\t\t<div class=\"elementor-widget-container\">\n\t\t\t\t\t\t\t\t\t\t\t\t\t\t\t<img loading=\"lazy\" decoding=\"async\" width=\"800\" height=\"533\" src=\"https:\/\/www.bxltour.be\/wp-content\/uploads\/2026\/02\/bxltour-parcours-2026-tunnel-bruxelles.jpg\" class=\"attachment-full size-full wp-image-31978\" alt=\"\" srcset=\"https:\/\/www.bxltour.be\/wp-content\/uploads\/2026\/02\/bxltour-parcours-2026-tunnel-bruxelles.jpg 800w, https:\/\/www.bxltour.be\/wp-content\/uploads\/2026\/02\/bxltour-parcours-2026-tunnel-bruxelles-300x200.jpg 300w, https:\/\/www.bxltour.be\/wp-content\/uploads\/2026\/02\/bxltour-parcours-2026-tunnel-bruxelles-768x512.jpg 768w\" sizes=\"(max-width: 800px) 100vw, 800px\" \/>\t\t\t\t\t\t\t\t\t\t\t\t\t\t\t<\/div>\n\t\t\t\t<\/div>\n\t\t\t\t<div class=\"elementor-element elementor-element-e4859dc elementor-widget elementor-widget-text-editor\" data-id=\"e4859dc\" data-element_type=\"widget\" data-e-type=\"widget\" data-widget_type=\"text-editor.default\">\n\t\t\t\t<div class=\"elementor-widget-container\">\n\t\t\t\t\t\t\t\t\t<p>Voor het Koninklijk Kasteel van Laken wordt een <b>Tissot sprintsegment <\/b>voorzien, dus hou zeker nog wat energie over !<\/p>\t\t\t\t\t\t\t\t<\/div>\n\t\t\t\t<\/div>\n\t\t\t\t<div class=\"elementor-element elementor-element-08160c3 elementor-arrows-position-inside elementor-widget elementor-widget-image-carousel\" data-id=\"08160c3\" data-element_type=\"widget\" data-e-type=\"widget\" data-settings=\"{&quot;slides_to_show&quot;:&quot;1&quot;,&quot;navigation&quot;:&quot;arrows&quot;,&quot;autoplay&quot;:&quot;yes&quot;,&quot;pause_on_hover&quot;:&quot;yes&quot;,&quot;pause_on_interaction&quot;:&quot;yes&quot;,&quot;autoplay_speed&quot;:5000,&quot;infinite&quot;:&quot;yes&quot;,&quot;effect&quot;:&quot;slide&quot;,&quot;speed&quot;:500}\" data-widget_type=\"image-carousel.default\">\n\t\t\t\t<div class=\"elementor-widget-container\">\n\t\t\t\t\t            <div class=\"elementor-image-carousel-wrapper swiper\" role=\"region\" aria-roledescription=\"carousel\" aria-label=\"Carrousel d\u2019images\" dir=\"ltr\">\n                <div class=\"elementor-image-carousel swiper-wrapper\" aria-live=\"off\">\n\t\t\t\t\t\t\t\t\t\t<div class=\"swiper-slide\"><figure class=\"swiper-slide-inner\"><img decoding=\"async\" class=\"swiper-slide-image\" src=\"https:\/\/www.bxltour.be\/wp-content\/uploads\/2026\/02\/bxltour-parcours-2026-sprint-final-1.jpg\" alt=\"bxltour-parcours-2026-sprint-final-1\" \/><\/figure><\/div><div class=\"swiper-slide\"><figure class=\"swiper-slide-inner\"><img decoding=\"async\" class=\"swiper-slide-image\" src=\"https:\/\/www.bxltour.be\/wp-content\/uploads\/2026\/02\/bxltour-parcours-2026-sprint-final-2.jpg\" alt=\"bxltour-parcours-2026-sprint-final-2\" \/><\/figure><\/div>                <\/div>\n\t\t\t\t\t\t\t\t\t\t\t\t\t\t                        <div class=\"elementor-swiper-button elementor-swiper-button-prev\">\n                            <i class=\"eicon-chevron-left\" aria-hidden=\"true\"><\/i>\n                            <span class=\"elementor-screen-only\">Vorige<\/span>\n                        <\/div>\n                        <div class=\"elementor-swiper-button elementor-swiper-button-next\">\n                            <i class=\"eicon-chevron-right\" aria-hidden=\"true\"><\/i>\n                            <span class=\"elementor-screen-only\">Volgende<\/span>\n                        <\/div>\n\t\t\t\t\t\t\t\t\t            <\/div>\n\t\t\t\t\t\t\t<\/div>\n\t\t\t\t<\/div>\n\t\t\t\t<div class=\"elementor-element elementor-element-fd78fc1 elementor-widget elementor-widget-text-editor\" data-id=\"fd78fc1\" data-element_type=\"widget\" data-e-type=\"widget\" data-widget_type=\"text-editor.default\">\n\t\t\t\t<div class=\"elementor-widget-container\">\n\t\t\t\t\t\t\t\t\t<p>Langs het parcours zullen fotografen aanwezig zijn, vergeet niet te glimlachen!<\/p>\t\t\t\t\t\t\t\t<\/div>\n\t\t\t\t<\/div>\n\t\t\t\t<div class=\"elementor-element elementor-element-d7c2df1 elementor-widget elementor-widget-image\" data-id=\"d7c2df1\" data-element_type=\"widget\" data-e-type=\"widget\" data-widget_type=\"image.default\">\n\t\t\t\t<div class=\"elementor-widget-container\">\n\t\t\t\t\t\t\t\t\t\t\t\t\t\t\t<img loading=\"lazy\" decoding=\"async\" width=\"800\" height=\"533\" src=\"https:\/\/www.bxltour.be\/wp-content\/uploads\/2026\/02\/bxltour-parcours-2026-course-velo-bruxelles.jpg\" class=\"attachment-full size-full wp-image-32000\" alt=\"\" srcset=\"https:\/\/www.bxltour.be\/wp-content\/uploads\/2026\/02\/bxltour-parcours-2026-course-velo-bruxelles.jpg 800w, https:\/\/www.bxltour.be\/wp-content\/uploads\/2026\/02\/bxltour-parcours-2026-course-velo-bruxelles-300x200.jpg 300w, https:\/\/www.bxltour.be\/wp-content\/uploads\/2026\/02\/bxltour-parcours-2026-course-velo-bruxelles-768x512.jpg 768w\" sizes=\"(max-width: 800px) 100vw, 800px\" \/>\t\t\t\t\t\t\t\t\t\t\t\t\t\t\t<\/div>\n\t\t\t\t<\/div>\n\t\t\t\t<div class=\"elementor-element elementor-element-d876564 elementor-widget elementor-widget-text-editor\" data-id=\"d876564\" data-element_type=\"widget\" data-e-type=\"widget\" data-widget_type=\"text-editor.default\">\n\t\t\t\t<div class=\"elementor-widget-container\">\n\t\t\t\t\t\t\t\t\tHet offici\u00eble parcours van de BXL TOUR is enkel volledig toegankelijk op de dag van het evenement. Wil je trainen in het Brussels Gewest? Dan bieden we ook <a href=\"\/nl\/bxl-tour-onze-fietstrainingsroutes-in-brussel\">verschillende trainingsparcours<\/a> aan om te ontdekken.\t\t\t\t\t\t\t\t<\/div>\n\t\t\t\t<\/div>\n\t\t\t\t<\/div>\n\t\t\t\t<\/div>\n\t\t<div class=\"elementor-element elementor-element-796dd8b2 e-con-full elementor-hidden-tablet elementor-hidden-mobile e-flex e-con e-child\" data-id=\"796dd8b2\" data-element_type=\"container\" data-e-type=\"container\" data-settings=\"{&quot;background_background&quot;:&quot;classic&quot;}\">\n\t\t\t\t<div class=\"elementor-element elementor-element-1d025a10 elementor-widget elementor-widget-image\" data-id=\"1d025a10\" data-element_type=\"widget\" data-e-type=\"widget\" data-settings=\"{&quot;sticky&quot;:&quot;top&quot;,&quot;sticky_offset&quot;:115,&quot;sticky_on&quot;:[&quot;desktop&quot;,&quot;tablet&quot;,&quot;mobile&quot;],&quot;sticky_effects_offset&quot;:0,&quot;sticky_anchor_link_offset&quot;:0}\" data-widget_type=\"image.default\">\n\t\t\t\t<div class=\"elementor-widget-container\">\n\t\t\t\t\t\t\t\t\t\t\t\t\t\t\t<img loading=\"lazy\" decoding=\"async\" width=\"480\" height=\"1440\" src=\"https:\/\/www.bxltour.be\/wp-content\/uploads\/2023\/03\/bandeau-droite-rose.jpg\" class=\"attachment-full size-full wp-image-21466\" alt=\"bandeau-droite-rose\" srcset=\"https:\/\/www.bxltour.be\/wp-content\/uploads\/2023\/03\/bandeau-droite-rose.jpg 480w, https:\/\/www.bxltour.be\/wp-content\/uploads\/2023\/03\/bandeau-droite-rose-100x300.jpg 100w, https:\/\/www.bxltour.be\/wp-content\/uploads\/2023\/03\/bandeau-droite-rose-343x1030.jpg 343w\" sizes=\"(max-width: 480px) 100vw, 480px\" \/>\t\t\t\t\t\t\t\t\t\t\t\t\t\t\t<\/div>\n\t\t\t\t<\/div>\n\t\t\t\t<\/div>\n\t\t\t\t\t<\/div>\n\t\t\t\t<\/div>\n\t\t\t\t<\/div>\n\t\t","protected":false},"excerpt":{"rendered":"<p>T\u00e9l\u00e9chargez en PDF le plan du parcours et l&#8217;horaire du BXL TOUR 2022 &#8211; D\u00e9part : place des Palais &#8211; Arriv\u00e9e : avenue du Gros Tilleul, pr\u00e8s de l\u2019Atomium.<\/p>\n","protected":false},"author":3,"featured_media":0,"parent":0,"menu_order":0,"comment_status":"closed","ping_status":"closed","template":"elementor_header_footer","meta":{"_acf_changed":false,"footnotes":""},"class_list":["post-8278","page","type-page","status-publish","hentry"],"acf":[],"_links":{"self":[{"href":"https:\/\/www.bxltour.be\/nl\/wp-json\/wp\/v2\/pages\/8278","targetHints":{"allow":["GET"]}}],"collection":[{"href":"https:\/\/www.bxltour.be\/nl\/wp-json\/wp\/v2\/pages"}],"about":[{"href":"https:\/\/www.bxltour.be\/nl\/wp-json\/wp\/v2\/types\/page"}],"author":[{"embeddable":true,"href":"https:\/\/www.bxltour.be\/nl\/wp-json\/wp\/v2\/users\/3"}],"replies":[{"embeddable":true,"href":"https:\/\/www.bxltour.be\/nl\/wp-json\/wp\/v2\/comments?post=8278"}],"version-history":[{"count":257,"href":"https:\/\/www.bxltour.be\/nl\/wp-json\/wp\/v2\/pages\/8278\/revisions"}],"predecessor-version":[{"id":33526,"href":"https:\/\/www.bxltour.be\/nl\/wp-json\/wp\/v2\/pages\/8278\/revisions\/33526"}],"wp:attachment":[{"href":"https:\/\/www.bxltour.be\/nl\/wp-json\/wp\/v2\/media?parent=8278"}],"curies":[{"name":"wp","href":"https:\/\/api.w.org\/{rel}","templated":true}]}}