{"id":8293,"date":"2022-03-14T20:00:36","date_gmt":"2022-03-14T19:00:36","guid":{"rendered":"https:\/\/www.bxltour.be\/infos-pratiques\/"},"modified":"2026-02-27T11:24:57","modified_gmt":"2026-02-27T10:24:57","slug":"praktische-info","status":"publish","type":"page","link":"https:\/\/www.bxltour.be\/nl\/praktische-info","title":{"rendered":"Praktische info"},"content":{"rendered":"\t\t<div data-elementor-type=\"wp-post\" data-elementor-id=\"8293\" class=\"elementor elementor-8293 elementor-7817\" data-elementor-post-type=\"page\">\n\t\t\t\t<div class=\"elementor-element elementor-element-dd2c56c e-flex e-con-boxed e-con e-parent\" data-id=\"dd2c56c\" data-element_type=\"container\" data-e-type=\"container\">\n\t\t\t\t\t<div class=\"e-con-inner\">\n\t\t<div class=\"elementor-element elementor-element-2bad7381 e-con-full e-flex e-con e-child\" data-id=\"2bad7381\" data-element_type=\"container\" data-e-type=\"container\">\n\t\t\t\t<div class=\"elementor-element elementor-element-4eff6ef2 elementor-absolute elementor-widget elementor-widget-heading\" data-id=\"4eff6ef2\" data-element_type=\"widget\" data-e-type=\"widget\" data-settings=\"{&quot;_position&quot;:&quot;absolute&quot;}\" data-widget_type=\"heading.default\">\n\t\t\t\t<div class=\"elementor-widget-container\">\n\t\t\t\t\t<h1 class=\"elementor-heading-title elementor-size-default\">Praktische info<\/h1>\t\t\t\t<\/div>\n\t\t\t\t<\/div>\n\t\t\t\t<div class=\"elementor-element elementor-element-25bec12e elementor-widget elementor-widget-image\" data-id=\"25bec12e\" data-element_type=\"widget\" data-e-type=\"widget\" data-widget_type=\"image.default\">\n\t\t\t\t<div class=\"elementor-widget-container\">\n\t\t\t\t\t\t\t\t\t\t\t\t\t\t\t<img fetchpriority=\"high\" decoding=\"async\" width=\"500\" height=\"500\" src=\"https:\/\/www.bxltour.be\/wp-content\/uploads\/2023\/03\/bloc-rose.jpg\" class=\"attachment-full size-full wp-image-21429\" alt=\"bloc-rose\" srcset=\"https:\/\/www.bxltour.be\/wp-content\/uploads\/2023\/03\/bloc-rose.jpg 500w, https:\/\/www.bxltour.be\/wp-content\/uploads\/2023\/03\/bloc-rose-300x300.jpg 300w, https:\/\/www.bxltour.be\/wp-content\/uploads\/2023\/03\/bloc-rose-80x80.jpg 80w\" sizes=\"(max-width: 500px) 100vw, 500px\" \/>\t\t\t\t\t\t\t\t\t\t\t\t\t\t\t<\/div>\n\t\t\t\t<\/div>\n\t\t<div class=\"elementor-element elementor-element-72ef3d11 e-flex e-con-boxed e-con e-child\" data-id=\"72ef3d11\" data-element_type=\"container\" data-e-type=\"container\">\n\t\t\t\t\t<div class=\"e-con-inner\">\n\t\t\t\t<div class=\"elementor-element elementor-element-44c8d3a9 elementor-widget elementor-widget-text-editor\" data-id=\"44c8d3a9\" data-element_type=\"widget\" data-e-type=\"widget\" data-widget_type=\"text-editor.default\">\n\t\t\t\t<div class=\"elementor-widget-container\">\n\t\t\t\t\t\t\t\t\t<p>Ontdek alles wat je moet weten over D-Day in detail, zodat er aan de start geen verrassingen zijn.<\/p><p>Bekijk zeker ook <a href=\"https:\/\/www.bxltour.be\/nl\/parcours\">het parcours<\/a> de verschillende <a title=\"Cat\u00e9gorieen\" href=\"\/nl\/categorieen\/\">categorie\u00ebn<\/a> en alle info over de <a title=\"inschrijven\" href=\"\/nl\/inschrijvingen\/\">inschrijvingen<\/a>.<\/p><p>Meer informatie nodig? Neem dan <span id=\"eeb-750459-432221\"><a class=\"mail-link\" href=\"mailto:info@bxltour.be\">contact<\/a><\/span> met ons op.<\/p>\t\t\t\t\t\t\t\t<\/div>\n\t\t\t\t<\/div>\n\t\t\t\t\t<\/div>\n\t\t\t\t<\/div>\n\t\t\t\t<\/div>\n\t\t<div class=\"elementor-element elementor-element-6b874ab6 e-con-full e-flex e-con e-child\" data-id=\"6b874ab6\" data-element_type=\"container\" data-e-type=\"container\">\n\t\t\t\t<div class=\"elementor-element elementor-element-5ea9de1 elementor-grid-3 elementor-grid-tablet-2 elementor-grid-mobile-1 elementor-widget elementor-widget-loop-grid\" data-id=\"5ea9de1\" data-element_type=\"widget\" data-e-type=\"widget\" data-settings=\"{&quot;template_id&quot;:29156,&quot;_skin&quot;:&quot;post&quot;,&quot;columns&quot;:&quot;3&quot;,&quot;columns_tablet&quot;:&quot;2&quot;,&quot;columns_mobile&quot;:&quot;1&quot;,&quot;edit_handle_selector&quot;:&quot;[data-elementor-type=\\&quot;loop-item\\&quot;]&quot;,&quot;row_gap&quot;:{&quot;unit&quot;:&quot;px&quot;,&quot;size&quot;:&quot;&quot;,&quot;sizes&quot;:[]},&quot;row_gap_tablet&quot;:{&quot;unit&quot;:&quot;px&quot;,&quot;size&quot;:&quot;&quot;,&quot;sizes&quot;:[]},&quot;row_gap_mobile&quot;:{&quot;unit&quot;:&quot;px&quot;,&quot;size&quot;:&quot;&quot;,&quot;sizes&quot;:[]}}\" data-widget_type=\"loop-grid.post\">\n\t\t\t\t<div class=\"elementor-widget-container\">\n\t\t\t\t\t\t\t<div class=\"elementor-loop-container elementor-grid\" role=\"list\">\n\t\t<style id=\"loop-29156\">.elementor-29156 .elementor-element.elementor-element-5e1180e7{--display:flex;--flex-direction:column;--container-widget-width:100%;--container-widget-height:initial;--container-widget-flex-grow:0;--container-widget-align-self:initial;--flex-wrap-mobile:wrap;--gap:0px 0px;--row-gap:0px;--column-gap:0px;--padding-top:0px;--padding-bottom:0px;--padding-left:0px;--padding-right:0px;}.elementor-29156 .elementor-element.elementor-element-1225c4f9{--display:flex;--flex-direction:column;--container-widget-width:100%;--container-widget-height:initial;--container-widget-flex-grow:0;--container-widget-align-self:initial;--flex-wrap-mobile:wrap;--gap:10px 0px;--row-gap:10px;--column-gap:0px;--padding-top:30px;--padding-bottom:10px;--padding-left:10px;--padding-right:10px;}.elementor-29156 .elementor-element.elementor-element-218da9da .elementor-heading-title{text-transform:uppercase;}.elementor-29156 .elementor-element.elementor-element-3750ba82{font-weight:600;}.elementor-29156 .elementor-element.elementor-element-706a7974{--display:flex;--justify-content:flex-end;--gap:0px 0px;--row-gap:0px;--column-gap:0px;--padding-top:0px;--padding-bottom:0px;--padding-left:0px;--padding-right:0px;}.elementor-29156 .elementor-element.elementor-element-4fe408c6 .elementor-button{font-weight:600;text-transform:uppercase;fill:var( --e-global-color-b1c28f8 );color:var( --e-global-color-b1c28f8 );background-color:#FFFFFF;border-style:solid;border-width:2px 2px 2px 2px;border-radius:0px 0px 0px 0px;padding:15px 15px 15px 15px;}\/* Start custom CSS for text-editor, class: .elementor-element-3750ba82 *\/@media screen and (min-width: 768px) {\n  .shortdesc {\n    overflow: hidden;\n    -webkit-line-clamp: 3;\n    -webkit-box-orient: vertical;\n    -moz-box-orient: vertical;\n    display: -webkit-box;\n  }\n}\/* End custom CSS *\/\n\/* Start custom CSS for text-editor, class: .elementor-element-26afed6 *\/@media screen and (min-width: 768px) {\n  .shortdesc {\n    overflow: hidden;\n    -webkit-line-clamp: 3;\n    -webkit-box-orient: vertical;\n    -moz-box-orient: vertical;\n    display: -webkit-box;\n  }\n}\/* End custom CSS *\/<\/style>\t\t<div data-elementor-type=\"loop-item\" data-elementor-id=\"29156\" class=\"elementor elementor-29156 elementor-29109 elementor-29109 e-loop-item e-loop-item-27957 post-27957 post type-post status-publish format-standard has-post-thumbnail hentry category-info-nl\" data-elementor-post-type=\"elementor_library\" data-custom-edit-handle=\"1\">\n\t\t\t<div class=\"elementor-element elementor-element-5e1180e7 e-flex e-con-boxed e-con e-parent\" data-id=\"5e1180e7\" data-element_type=\"container\" data-e-type=\"container\">\n\t\t\t\t\t<div class=\"e-con-inner\">\n\t\t\t\t<div class=\"elementor-element elementor-element-3b6a30f5 elementor-widget elementor-widget-image\" data-id=\"3b6a30f5\" data-element_type=\"widget\" data-e-type=\"widget\" data-widget_type=\"image.default\">\n\t\t\t\t<div class=\"elementor-widget-container\">\n\t\t\t\t\t\t\t\t\t\t\t\t\t\t\t<img decoding=\"async\" width=\"600\" height=\"600\" src=\"https:\/\/www.bxltour.be\/wp-content\/uploads\/2025\/02\/bxltour-depart-2026.jpg\" class=\"attachment-full size-full wp-image-32096\" alt=\"\" srcset=\"https:\/\/www.bxltour.be\/wp-content\/uploads\/2025\/02\/bxltour-depart-2026.jpg 600w, https:\/\/www.bxltour.be\/wp-content\/uploads\/2025\/02\/bxltour-depart-2026-300x300.jpg 300w, https:\/\/www.bxltour.be\/wp-content\/uploads\/2025\/02\/bxltour-depart-2026-80x80.jpg 80w\" sizes=\"(max-width: 600px) 100vw, 600px\" \/>\t\t\t\t\t\t\t\t\t\t\t\t\t\t\t<\/div>\n\t\t\t\t<\/div>\n\t\t<div class=\"elementor-element elementor-element-1225c4f9 e-con-full post-container e-flex e-con e-child\" data-id=\"1225c4f9\" data-element_type=\"container\" data-e-type=\"container\">\n\t\t\t\t<div class=\"elementor-element elementor-element-218da9da read-more-content elementor-widget elementor-widget-heading\" data-id=\"218da9da\" data-element_type=\"widget\" data-e-type=\"widget\" data-widget_type=\"heading.default\">\n\t\t\t\t<div class=\"elementor-widget-container\">\n\t\t\t\t\t<h2 class=\"elementor-heading-title elementor-size-default\">Vertrek<\/h2>\t\t\t\t<\/div>\n\t\t\t\t<\/div>\n\t\t\t\t<div class=\"elementor-element elementor-element-3750ba82 shortdesc read-more-content elementor-widget elementor-widget-text-editor\" data-id=\"3750ba82\" data-element_type=\"widget\" data-e-type=\"widget\" data-widget_type=\"text-editor.default\">\n\t\t\t\t<div class=\"elementor-widget-container\">\n\t\t\t\t\t\t\t\t\tPaleizenplein\t\t\t\t\t\t\t\t<\/div>\n\t\t\t\t<\/div>\n\t\t\t\t<div class=\"elementor-element elementor-element-26afed6 shortdesc read-more-content elementor-widget elementor-widget-text-editor\" data-id=\"26afed6\" data-element_type=\"widget\" data-e-type=\"widget\" data-widget_type=\"text-editor.default\">\n\t\t\t\t<div class=\"elementor-widget-container\">\n\t\t\t\t\t\t\t\t\t<p>Alle deelnemers van de BXL TOUR starten op het Paleizenplein. De toegang tot het startdorp is via het Warandepark. <a href=\"https:\/\/www.bxltour.be\/nl\/mobiliteit\">Ontdek hoe je er geraakt<\/a> met de fiets, het openbaar vervoer of de wagen.<\/p>\n<p>Het vertrek is gepland tussen 09u en 09.50u.<\/p>\n<ul>\n<li>09u: MASTER<\/li>\n<li>09.10u: CYCLO +35 km\/u<\/li>\n<li>09.20u: CYCLO 30-35 km\/u<\/li>\n<li>09.30u: CYCLO 25-30 km\/u<\/li>\n<li>09.40u: CYCLO 20-25 km\/u en PARACYCLING<\/li>\n<li>09.50u: RIDE<\/li>\n<\/ul>\n<p>Kom minstens 20 minuten voor je vertrekuur naar het startdorp!<\/p>\n<p>Dankzij Vivaqua zal er gratis drinkwater beschikbaar zijn om je fles bij te vullen! Je hebt geen drinkbus? <a href=\"https:\/\/www.bxltour.be\/nl\/merch\">Ontdek die van de BXL TOUR!<\/a><\/p>\n\t\t\t\t\t\t\t\t<\/div>\n\t\t\t\t<\/div>\n\t\t<div class=\"elementor-element elementor-element-706a7974 e-con-full elementor-hidden-tablet elementor-hidden-mobile e-flex e-con e-child\" data-id=\"706a7974\" data-element_type=\"container\" data-e-type=\"container\">\n\t\t\t\t<div class=\"elementor-element elementor-element-4fe408c6 read-more-btn2 elementor-widget elementor-widget-button\" data-id=\"4fe408c6\" data-element_type=\"widget\" data-e-type=\"widget\" data-widget_type=\"button.default\">\n\t\t\t\t<div class=\"elementor-widget-container\">\n\t\t\t\t\t\t\t\t\t<div class=\"elementor-button-wrapper\">\n\t\t\t\t\t<a class=\"elementor-button elementor-button-link elementor-size-sm\" href=\"#elementor-action%3Aaction%3Dpopup%3Aopen%26settings%3DeyJpZCI6Mjc4NDQsInRvZ2dsZSI6ZmFsc2V9\">\n\t\t\t\t\t\t<span class=\"elementor-button-content-wrapper\">\n\t\t\t\t\t\t\t\t\t<span class=\"elementor-button-text\">Read more<\/span>\n\t\t\t\t\t<\/span>\n\t\t\t\t\t<\/a>\n\t\t\t\t<\/div>\n\t\t\t\t\t\t\t\t<\/div>\n\t\t\t\t<\/div>\n\t\t\t\t<\/div>\n\t\t\t\t<\/div>\n\t\t\t\t\t<\/div>\n\t\t\t\t<\/div>\n\t\t\t\t<\/div>\n\t\t\t\t<div data-elementor-type=\"loop-item\" data-elementor-id=\"29156\" class=\"elementor elementor-29156 elementor-29109 elementor-29109 e-loop-item e-loop-item-27977 post-27977 post type-post status-publish format-standard has-post-thumbnail hentry category-info-nl\" data-elementor-post-type=\"elementor_library\" data-custom-edit-handle=\"1\">\n\t\t\t<div class=\"elementor-element elementor-element-5e1180e7 e-flex e-con-boxed e-con e-parent\" data-id=\"5e1180e7\" data-element_type=\"container\" data-e-type=\"container\">\n\t\t\t\t\t<div class=\"e-con-inner\">\n\t\t\t\t<div class=\"elementor-element elementor-element-3b6a30f5 elementor-widget elementor-widget-image\" data-id=\"3b6a30f5\" data-element_type=\"widget\" data-e-type=\"widget\" data-widget_type=\"image.default\">\n\t\t\t\t<div class=\"elementor-widget-container\">\n\t\t\t\t\t\t\t\t\t\t\t\t\t\t\t<img decoding=\"async\" width=\"600\" height=\"600\" src=\"https:\/\/www.bxltour.be\/wp-content\/uploads\/2026\/02\/bxltour-8.jpg\" class=\"attachment-full size-full wp-image-32607\" alt=\"\" srcset=\"https:\/\/www.bxltour.be\/wp-content\/uploads\/2026\/02\/bxltour-8.jpg 600w, https:\/\/www.bxltour.be\/wp-content\/uploads\/2026\/02\/bxltour-8-300x300.jpg 300w, https:\/\/www.bxltour.be\/wp-content\/uploads\/2026\/02\/bxltour-8-80x80.jpg 80w\" sizes=\"(max-width: 600px) 100vw, 600px\" \/>\t\t\t\t\t\t\t\t\t\t\t\t\t\t\t<\/div>\n\t\t\t\t<\/div>\n\t\t<div class=\"elementor-element elementor-element-1225c4f9 e-con-full post-container e-flex e-con e-child\" data-id=\"1225c4f9\" data-element_type=\"container\" data-e-type=\"container\">\n\t\t\t\t<div class=\"elementor-element elementor-element-218da9da read-more-content elementor-widget elementor-widget-heading\" data-id=\"218da9da\" data-element_type=\"widget\" data-e-type=\"widget\" data-widget_type=\"heading.default\">\n\t\t\t\t<div class=\"elementor-widget-container\">\n\t\t\t\t\t<h2 class=\"elementor-heading-title elementor-size-default\">Aankomst<\/h2>\t\t\t\t<\/div>\n\t\t\t\t<\/div>\n\t\t\t\t<div class=\"elementor-element elementor-element-3750ba82 shortdesc read-more-content elementor-widget elementor-widget-text-editor\" data-id=\"3750ba82\" data-element_type=\"widget\" data-e-type=\"widget\" data-widget_type=\"text-editor.default\">\n\t\t\t\t<div class=\"elementor-widget-container\">\n\t\t\t\t\t\t\t\t\tAtomium\t\t\t\t\t\t\t\t<\/div>\n\t\t\t\t<\/div>\n\t\t\t\t<div class=\"elementor-element elementor-element-26afed6 shortdesc read-more-content elementor-widget elementor-widget-text-editor\" data-id=\"26afed6\" data-element_type=\"widget\" data-e-type=\"widget\" data-widget_type=\"text-editor.default\">\n\t\t\t\t<div class=\"elementor-widget-container\">\n\t\t\t\t\t\t\t\t\t<p data-start=\"0\" data-end=\"92\">Na 40 of 32 km fietsen kom je aan bij het Atomium, waar een feestelijk dorp je verwelkomt!<\/p>\n<p data-start=\"94\" data-end=\"144\">Het dorp is vanaf 9 uur geopend voor supporters!<\/p>\n<ul>\n<li>Uitreiking trofee\u00ebn Master, Cyclo, Tissot Sprint, Lucien Group Challenge, Paracycling, Brussels Cycling Federation om <strong>11u.<\/strong><\/li>\n<li>Het einde van de koers is voorzien rond <strong>13u.<\/strong><\/li>\n<\/ul>\n<p>Je kunt je fiets parkeren in de gratis en beveiligde fietsenstalling en genieten van de sfeer!<\/p>\n<p>Dankzij Vivaqua zal er gratis drinkwater beschikbaar zijn om je drinkfles bij te vullen!<\/p>\n\t\t\t\t\t\t\t\t<\/div>\n\t\t\t\t<\/div>\n\t\t<div class=\"elementor-element elementor-element-706a7974 e-con-full elementor-hidden-tablet elementor-hidden-mobile e-flex e-con e-child\" data-id=\"706a7974\" data-element_type=\"container\" data-e-type=\"container\">\n\t\t\t\t<div class=\"elementor-element elementor-element-4fe408c6 read-more-btn2 elementor-widget elementor-widget-button\" data-id=\"4fe408c6\" data-element_type=\"widget\" data-e-type=\"widget\" data-widget_type=\"button.default\">\n\t\t\t\t<div class=\"elementor-widget-container\">\n\t\t\t\t\t\t\t\t\t<div class=\"elementor-button-wrapper\">\n\t\t\t\t\t<a class=\"elementor-button elementor-button-link elementor-size-sm\" href=\"#elementor-action%3Aaction%3Dpopup%3Aopen%26settings%3DeyJpZCI6Mjc4NDQsInRvZ2dsZSI6ZmFsc2V9\">\n\t\t\t\t\t\t<span class=\"elementor-button-content-wrapper\">\n\t\t\t\t\t\t\t\t\t<span class=\"elementor-button-text\">Read more<\/span>\n\t\t\t\t\t<\/span>\n\t\t\t\t\t<\/a>\n\t\t\t\t<\/div>\n\t\t\t\t\t\t\t\t<\/div>\n\t\t\t\t<\/div>\n\t\t\t\t<\/div>\n\t\t\t\t<\/div>\n\t\t\t\t\t<\/div>\n\t\t\t\t<\/div>\n\t\t\t\t<\/div>\n\t\t\t\t<div data-elementor-type=\"loop-item\" data-elementor-id=\"29156\" class=\"elementor elementor-29156 elementor-29109 elementor-29109 e-loop-item e-loop-item-27981 post-27981 post type-post status-publish format-standard has-post-thumbnail hentry category-info-nl\" data-elementor-post-type=\"elementor_library\" data-custom-edit-handle=\"1\">\n\t\t\t<div class=\"elementor-element elementor-element-5e1180e7 e-flex e-con-boxed e-con e-parent\" data-id=\"5e1180e7\" data-element_type=\"container\" data-e-type=\"container\">\n\t\t\t\t\t<div class=\"e-con-inner\">\n\t\t\t\t<div class=\"elementor-element elementor-element-3b6a30f5 elementor-widget elementor-widget-image\" data-id=\"3b6a30f5\" data-element_type=\"widget\" data-e-type=\"widget\" data-widget_type=\"image.default\">\n\t\t\t\t<div class=\"elementor-widget-container\">\n\t\t\t\t\t\t\t\t\t\t\t\t\t\t\t<img loading=\"lazy\" decoding=\"async\" width=\"600\" height=\"600\" src=\"https:\/\/www.bxltour.be\/wp-content\/uploads\/2025\/02\/bxltour-generalites-2026.jpg\" class=\"attachment-full size-full wp-image-32099\" alt=\"\" srcset=\"https:\/\/www.bxltour.be\/wp-content\/uploads\/2025\/02\/bxltour-generalites-2026.jpg 600w, https:\/\/www.bxltour.be\/wp-content\/uploads\/2025\/02\/bxltour-generalites-2026-300x300.jpg 300w, https:\/\/www.bxltour.be\/wp-content\/uploads\/2025\/02\/bxltour-generalites-2026-80x80.jpg 80w\" sizes=\"(max-width: 600px) 100vw, 600px\" \/>\t\t\t\t\t\t\t\t\t\t\t\t\t\t\t<\/div>\n\t\t\t\t<\/div>\n\t\t<div class=\"elementor-element elementor-element-1225c4f9 e-con-full post-container e-flex e-con e-child\" data-id=\"1225c4f9\" data-element_type=\"container\" data-e-type=\"container\">\n\t\t\t\t<div class=\"elementor-element elementor-element-218da9da read-more-content elementor-widget elementor-widget-heading\" data-id=\"218da9da\" data-element_type=\"widget\" data-e-type=\"widget\" data-widget_type=\"heading.default\">\n\t\t\t\t<div class=\"elementor-widget-container\">\n\t\t\t\t\t<h2 class=\"elementor-heading-title elementor-size-default\">Nuttige info<\/h2>\t\t\t\t<\/div>\n\t\t\t\t<\/div>\n\t\t\t\t<div class=\"elementor-element elementor-element-26afed6 shortdesc read-more-content elementor-widget elementor-widget-text-editor\" data-id=\"26afed6\" data-element_type=\"widget\" data-e-type=\"widget\" data-widget_type=\"text-editor.default\">\n\t\t\t\t<div class=\"elementor-widget-container\">\n\t\t\t\t\t\t\t\t\t<p>Elke deelnemer heeft kennis genomen van het\u00a0<a href=\"\/nl\/reglement\">reglement<\/a>\u00a0en verbindt er zich toe dit te respecteren.<\/p>\n<p><strong>Het dragen van een fietshelm is verplicht.<\/strong> Deelname zal worden geweigerd indien de deelnemer geen helm draagt.<\/p>\n<p><strong>Een nummerplaat met timingchip<\/strong> die vasthangt aan de voorkant van de fiets is verplicht. <a href=\"https:\/\/www.bxltour.be\/nl\/inschrijvingen\">Ontdek waar een hoe je die moet afhalen.<\/a><\/p>\n<p><strong>Afgebakend parcours<\/strong>, omkaderd door de organisatie, met aanwezigheid van wedstrijdwagens (groene vlag, rode vlag, bezemwagen, \u2026) en motorrijders, politie, seingevers (vast en mobiel).<\/p>\n<p><strong>Toiletten, waterfonteinen en technische stands<\/strong>\u00a0(kleine herstellingen) zijn beschikbaar aan de start en finish.<\/p>\n<p>Er zullen <strong>gratis mobiele lockers<\/strong>\u00a0beschikbaar zijn. Bezittingen kunnen in de startzone in een locker achterlaten worden en erna opgehaald worden bij de aankomst (vanaf ongeveer 10.30u).<\/p>\n\t\t\t\t\t\t\t\t<\/div>\n\t\t\t\t<\/div>\n\t\t<div class=\"elementor-element elementor-element-706a7974 e-con-full elementor-hidden-tablet elementor-hidden-mobile e-flex e-con e-child\" data-id=\"706a7974\" data-element_type=\"container\" data-e-type=\"container\">\n\t\t\t\t<div class=\"elementor-element elementor-element-4fe408c6 read-more-btn2 elementor-widget elementor-widget-button\" data-id=\"4fe408c6\" data-element_type=\"widget\" data-e-type=\"widget\" data-widget_type=\"button.default\">\n\t\t\t\t<div class=\"elementor-widget-container\">\n\t\t\t\t\t\t\t\t\t<div class=\"elementor-button-wrapper\">\n\t\t\t\t\t<a class=\"elementor-button elementor-button-link elementor-size-sm\" href=\"#elementor-action%3Aaction%3Dpopup%3Aopen%26settings%3DeyJpZCI6Mjc4NDQsInRvZ2dsZSI6ZmFsc2V9\">\n\t\t\t\t\t\t<span class=\"elementor-button-content-wrapper\">\n\t\t\t\t\t\t\t\t\t<span class=\"elementor-button-text\">Read more<\/span>\n\t\t\t\t\t<\/span>\n\t\t\t\t\t<\/a>\n\t\t\t\t<\/div>\n\t\t\t\t\t\t\t\t<\/div>\n\t\t\t\t<\/div>\n\t\t\t\t<\/div>\n\t\t\t\t<\/div>\n\t\t\t\t\t<\/div>\n\t\t\t\t<\/div>\n\t\t\t\t<\/div>\n\t\t\t\t<\/div>\n\t\t\n\t\t\t\t\t\t<\/div>\n\t\t\t\t<\/div>\n\t\t\t\t<\/div>\n\t\t\t\t\t<\/div>\n\t\t\t\t<\/div>\n\t\t<div class=\"elementor-element elementor-element-d7ec285 e-flex e-con-boxed e-con e-parent\" data-id=\"d7ec285\" data-element_type=\"container\" data-e-type=\"container\">\n\t\t\t\t\t<div class=\"e-con-inner\">\n\t\t\t\t<div class=\"elementor-element elementor-element-f517c34 elementor-grid-4 elementor-grid-tablet-2 elementor-grid-mobile-1 elementor-widget elementor-widget-loop-grid\" data-id=\"f517c34\" data-element_type=\"widget\" data-e-type=\"widget\" data-settings=\"{&quot;template_id&quot;:29156,&quot;columns&quot;:4,&quot;_skin&quot;:&quot;post&quot;,&quot;columns_tablet&quot;:&quot;2&quot;,&quot;columns_mobile&quot;:&quot;1&quot;,&quot;edit_handle_selector&quot;:&quot;[data-elementor-type=\\&quot;loop-item\\&quot;]&quot;,&quot;row_gap&quot;:{&quot;unit&quot;:&quot;px&quot;,&quot;size&quot;:&quot;&quot;,&quot;sizes&quot;:[]},&quot;row_gap_tablet&quot;:{&quot;unit&quot;:&quot;px&quot;,&quot;size&quot;:&quot;&quot;,&quot;sizes&quot;:[]},&quot;row_gap_mobile&quot;:{&quot;unit&quot;:&quot;px&quot;,&quot;size&quot;:&quot;&quot;,&quot;sizes&quot;:[]}}\" data-widget_type=\"loop-grid.post\">\n\t\t\t\t<div class=\"elementor-widget-container\">\n\t\t\t\t\t\t\t<div class=\"elementor-loop-container elementor-grid\" role=\"list\">\n\t\t\t\t<div data-elementor-type=\"loop-item\" data-elementor-id=\"29156\" class=\"elementor elementor-29156 elementor-29109 elementor-29109 e-loop-item e-loop-item-27986 post-27986 post type-post status-publish format-standard has-post-thumbnail hentry category-info-nl\" data-elementor-post-type=\"elementor_library\" data-custom-edit-handle=\"1\">\n\t\t\t<div class=\"elementor-element elementor-element-5e1180e7 e-flex e-con-boxed e-con e-parent\" data-id=\"5e1180e7\" data-element_type=\"container\" data-e-type=\"container\">\n\t\t\t\t\t<div class=\"e-con-inner\">\n\t\t\t\t<div class=\"elementor-element elementor-element-3b6a30f5 elementor-widget elementor-widget-image\" data-id=\"3b6a30f5\" data-element_type=\"widget\" data-e-type=\"widget\" data-widget_type=\"image.default\">\n\t\t\t\t<div class=\"elementor-widget-container\">\n\t\t\t\t\t\t\t\t\t\t\t\t\t\t\t<img loading=\"lazy\" decoding=\"async\" width=\"600\" height=\"600\" src=\"https:\/\/www.bxltour.be\/wp-content\/uploads\/2023\/03\/interdits-photo.jpg\" class=\"attachment-full size-full wp-image-20368\" alt=\"\" srcset=\"https:\/\/www.bxltour.be\/wp-content\/uploads\/2023\/03\/interdits-photo.jpg 600w, https:\/\/www.bxltour.be\/wp-content\/uploads\/2023\/03\/interdits-photo-300x300.jpg 300w, https:\/\/www.bxltour.be\/wp-content\/uploads\/2023\/03\/interdits-photo-80x80.jpg 80w\" sizes=\"(max-width: 600px) 100vw, 600px\" \/>\t\t\t\t\t\t\t\t\t\t\t\t\t\t\t<\/div>\n\t\t\t\t<\/div>\n\t\t<div class=\"elementor-element elementor-element-1225c4f9 e-con-full post-container e-flex e-con e-child\" data-id=\"1225c4f9\" data-element_type=\"container\" data-e-type=\"container\">\n\t\t\t\t<div class=\"elementor-element elementor-element-218da9da read-more-content elementor-widget elementor-widget-heading\" data-id=\"218da9da\" data-element_type=\"widget\" data-e-type=\"widget\" data-widget_type=\"heading.default\">\n\t\t\t\t<div class=\"elementor-widget-container\">\n\t\t\t\t\t<h2 class=\"elementor-heading-title elementor-size-default\">Zijn verboden<\/h2>\t\t\t\t<\/div>\n\t\t\t\t<\/div>\n\t\t\t\t<div class=\"elementor-element elementor-element-26afed6 shortdesc read-more-content elementor-widget elementor-widget-text-editor\" data-id=\"26afed6\" data-element_type=\"widget\" data-e-type=\"widget\" data-widget_type=\"text-editor.default\">\n\t\t\t\t<div class=\"elementor-widget-container\">\n\t\t\t\t\t\t\t\t\t<ul>\n<li>Glazen bidons<\/li>\n<li>Fixiefietsen<\/li>\n<li>Elektrische fietsen (behalve voor de\u00a0<a href=\"\/nl\/categorieen\/\">categorie RIDE en PARACYCLING)<\/a><\/li>\n<li>Driewielers en ligfietsen (behalve voor de <a title=\"Cat\u00e9gorieen\" href=\"\/nl\/categorieen\/\">PARACYCLING<\/a> categorie)<\/li>\n<li>Eenwielers<\/li>\n<li>Kinderzitjes (behalve voor de <a title=\"Cat\u00e9gorieen\" href=\"\/nl\/categorieen\/\">RIDE<\/a> categorie)<\/li>\n<li>Aanhangwagens<\/li>\n<li>Cargofietsen<\/li>\n<li>Tijdritfietsen<\/li>\n<li>Stuurverlengingen<\/li>\n<\/ul>\n\t\t\t\t\t\t\t\t<\/div>\n\t\t\t\t<\/div>\n\t\t<div class=\"elementor-element elementor-element-706a7974 e-con-full elementor-hidden-tablet elementor-hidden-mobile e-flex e-con e-child\" data-id=\"706a7974\" data-element_type=\"container\" data-e-type=\"container\">\n\t\t\t\t<div class=\"elementor-element elementor-element-4fe408c6 read-more-btn2 elementor-widget elementor-widget-button\" data-id=\"4fe408c6\" data-element_type=\"widget\" data-e-type=\"widget\" data-widget_type=\"button.default\">\n\t\t\t\t<div class=\"elementor-widget-container\">\n\t\t\t\t\t\t\t\t\t<div class=\"elementor-button-wrapper\">\n\t\t\t\t\t<a class=\"elementor-button elementor-button-link elementor-size-sm\" href=\"#elementor-action%3Aaction%3Dpopup%3Aopen%26settings%3DeyJpZCI6Mjc4NDQsInRvZ2dsZSI6ZmFsc2V9\">\n\t\t\t\t\t\t<span class=\"elementor-button-content-wrapper\">\n\t\t\t\t\t\t\t\t\t<span class=\"elementor-button-text\">Read more<\/span>\n\t\t\t\t\t<\/span>\n\t\t\t\t\t<\/a>\n\t\t\t\t<\/div>\n\t\t\t\t\t\t\t\t<\/div>\n\t\t\t\t<\/div>\n\t\t\t\t<\/div>\n\t\t\t\t<\/div>\n\t\t\t\t\t<\/div>\n\t\t\t\t<\/div>\n\t\t\t\t<\/div>\n\t\t\t\t<\/div>\n\t\t\n\t\t\t\t\t\t<\/div>\n\t\t\t\t<\/div>\n\t\t\t\t\t<\/div>\n\t\t\t\t<\/div>\n\t\t\t\t<\/div>\n\t\t","protected":false},"excerpt":{"rendered":"<p>Retrouvez les informations pratiques de la course (d\u00e9part, arriv\u00e9e, g\u00e9n\u00e9ralit\u00e9s, interdictions, r\u00e8glement, PMR&#8230;) du BXL TOUR 2022. O\u00f9 : place\u2026<\/p>\n","protected":false},"author":3,"featured_media":0,"parent":0,"menu_order":0,"comment_status":"closed","ping_status":"closed","template":"","meta":{"_acf_changed":false,"footnotes":""},"class_list":["post-8293","page","type-page","status-publish","hentry"],"acf":[],"_links":{"self":[{"href":"https:\/\/www.bxltour.be\/nl\/wp-json\/wp\/v2\/pages\/8293","targetHints":{"allow":["GET"]}}],"collection":[{"href":"https:\/\/www.bxltour.be\/nl\/wp-json\/wp\/v2\/pages"}],"about":[{"href":"https:\/\/www.bxltour.be\/nl\/wp-json\/wp\/v2\/types\/page"}],"author":[{"embeddable":true,"href":"https:\/\/www.bxltour.be\/nl\/wp-json\/wp\/v2\/users\/3"}],"replies":[{"embeddable":true,"href":"https:\/\/www.bxltour.be\/nl\/wp-json\/wp\/v2\/comments?post=8293"}],"version-history":[{"count":353,"href":"https:\/\/www.bxltour.be\/nl\/wp-json\/wp\/v2\/pages\/8293\/revisions"}],"predecessor-version":[{"id":32392,"href":"https:\/\/www.bxltour.be\/nl\/wp-json\/wp\/v2\/pages\/8293\/revisions\/32392"}],"wp:attachment":[{"href":"https:\/\/www.bxltour.be\/nl\/wp-json\/wp\/v2\/media?parent=8293"}],"curies":[{"name":"wp","href":"https:\/\/api.w.org\/{rel}","templated":true}]}}